{"id":78,"date":"2011-12-29T10:32:38","date_gmt":"2011-12-29T10:32:38","guid":{"rendered":"http:\/\/abmostoles.com\/wordpress\/index.php\/?page_id=78"},"modified":"2011-12-29T10:33:39","modified_gmt":"2011-12-29T10:33:39","slug":"quienes-somos","status":"publish","type":"page","link":"#","title":{"rendered":"Quienes somos"},"content":{"rendered":"<p>La <strong>Asociaci\u00f3n deportiva de Baloncesto en M\u00f3stoles<\/strong>,  fue creada en septiembre de 2002, por una serie de personas, amantes y  practicantes del Baloncesto, que no pod\u00edamos permanecer por m\u00e1s tiempo,  impasibles ante la grave situaci\u00f3n en que se encontraba el baloncesto en  nuestro municipio, en un estado de verdadero aletargamiento y  agonizando sin que nuestros pr\u00f3ceres hiciesen nada para evitarlo.<\/p>\n<p>El <strong>primer objetivo<\/strong> que emprendimos y conseguimos,<strong> fue potenciar y mejorar la Liga Municipal<\/strong>,  para ello hubo que cambiar el estamento arbitral, exigir seriedad en  las equipaciones, modificar el reglamento de competici\u00f3n, conseguir el  compromiso de los equipos en colaborar&#8230;<\/p>\n<p>Estos cambios y mejoras, fueron posible gracias a la  colaboraci\u00f3n de la Concejal\u00eda de Deportes que entendi\u00f3 nuestros  planteamientos e inquietudes y los asumi\u00f3 tambi\u00e9n como suyos,  consiguiendo mejoras <strong>en las instalaciones deportivas existentes<\/strong>,  centralizando el Baloncesto Municipal en un mismo Pabell\u00f3n, reservando  una cancha para los socios, en el Pabell\u00f3n Benito P\u00e9rez Gald\u00f3s entre  semana y todos los domingos por la ma\u00f1ana.<\/p>\n<p>Estos cambios consiguieron asentar las <strong>Competiciones Municipales<\/strong> de Baloncesto, con el paso de los a\u00f1os, culminando con <strong>3 divisiones<\/strong> en chicos y una nueva <strong>Liga Femenina.<\/strong><\/p>\n<p><strong>Los partidos pol\u00edticos<\/strong> conocedores de  nuestro potencial, rigor y seriedad a la hora de trabajar, nos han  mostrado su disposici\u00f3n, firmando acuerdos de colaboraci\u00f3n y ayuda con  la ABM.<\/p>\n<p>Para fomentar el Baloncesto hay que empezar por pensar en <strong>los m\u00e1s j\u00f3venes<\/strong>, por lo que vemos muy importante hacerles part\u00edcipes de todos los eventos que organizamos.<\/p>\n<p>El <strong><a href=\"http:\/\/www.abmostoles.com\/index.asp?cp=tn007\">Torneo Ben\u00e9fico de Navidad<\/a><\/strong><strong> <\/strong>y el <strong><a href=\"http:\/\/www.abmostoles.com\/index.asp?cp=02&amp;cn=832\">ALL STAR<\/a><\/strong> son los dos torneos que organizamos anualmente con fines <strong>Ben\u00e9ficos y Sociales<\/strong> a trav\u00e9s del Baloncesto. Para ello contamos con la colaboraci\u00f3n imprescindible de los <strong>m\u00e1s de 50 voluntarios<\/strong> que a\u00f1o tras a\u00f1o se implican de manera sobresaliente.<\/p>\n<p>Adem\u00e1s de contar con aportaciones desinteresadas de deportistas de  primer nivel mundial, ha sido imprescindible la implicaci\u00f3n de  instituciones p\u00fablicas como el <strong>Ayuntmaiento de M\u00f3stoles , la Comunidad de Madrid y de EMPESA<\/strong>,  as\u00ed como la de instituciones privadas que a\u00f1o tras a\u00f1o siguen  depositando su confianza en ABM, permitiendo as\u00ed su constante  superaci\u00f3n.<\/p>\n<p><strong>Gracias a todos estos apoyos basados en la credibilidad de muchos a\u00f1os de duro trabajo, <strong><a href=\"http:\/\/www.abmostoles.com\/index.asp?cp=tn000\">hemos conseguido estos objetivos<\/a><\/strong><strong> <\/strong><\/strong><\/p>\n<p><strong>Como asociaci\u00f3n deportiva, estamos constituidos sin \u00e1nimo de lucro.<\/strong><\/p>\n<p><strong>Intentamos hacer un seguimiento de las Ligas Municipales, si los recursos humanos y econ\u00f3micos lo permiten.<\/p>\n<p>Aconsejamos que visit\u00e9is la web con detenimiento y aport\u00e9is <strong>vuestras sugerencias<\/strong> para hacerla mejor entre todos. Si hubiera alguna secci\u00f3n que no  disponga de contenido, ser\u00e1 por falta de tiempo y no por falta de ganas  de completar todos los contenidos.<\/p>\n<p>El esfuerzo que hacemos todos los voluntarios de la ABM significa un ejemplo a seguir y ha culminado con la obtenci\u00f3n del <strong>DIPLOMA DE ORO de UNICEF Espa\u00f1a, entregado por la Infanta Do\u00f1a Margarita de Borb\u00f3n, por nuestra Trayectoria Solidaria.<\/strong><\/p>\n<p><strong>Agradecemos tu atenci\u00f3n, disfruta de esta web y esperamos poder contar con tu colaboraci\u00f3n dentro de la ABM.<\/strong><\/p>\n<p><strong> <\/strong><\/strong><\/p>\n<p><strong><strong> <\/strong><\/strong><\/p>\n","protected":false},"excerpt":{"rendered":"<p>La Asociaci\u00f3n deportiva de Baloncesto en M\u00f3stoles, fue creada en septiembre de 2002, por una serie de personas, amantes y practicantes del Baloncesto, que no pod\u00edamos permanecer por m\u00e1s tiempo, impasibles ante la grave situaci\u00f3n en que se encontraba el baloncesto en nuestro municipio, en un estado de verdadero aletargamiento y agonizando sin que nuestros <a href='#'>[&#8230;]<\/a><\/p>\n","protected":false},"author":2,"featured_media":0,"parent":0,"menu_order":0,"comment_status":"closed","ping_status":"closed","template":"","meta":[],"_links":{"self":[{"href":"http:\/\/abmostoles.com\/wordpress\/index.php?rest_route=\/wp\/v2\/pages\/78"}],"collection":[{"href":"http:\/\/abmostoles.com\/wordpress\/index.php?rest_route=\/wp\/v2\/pages"}],"about":[{"href":"http:\/\/abmostoles.com\/wordpress\/index.php?rest_route=\/wp\/v2\/types\/page"}],"author":[{"embeddable":true,"href":"http:\/\/abmostoles.com\/wordpress\/index.php?rest_route=\/wp\/v2\/users\/2"}],"replies":[{"embeddable":true,"href":"http:\/\/abmostoles.com\/wordpress\/index.php?rest_route=%2Fwp%2Fv2%2Fcomments&post=78"}],"version-history":[{"count":2,"href":"http:\/\/abmostoles.com\/wordpress\/index.php?rest_route=\/wp\/v2\/pages\/78\/revisions"}],"predecessor-version":[{"id":81,"href":"http:\/\/abmostoles.com\/wordpress\/index.php?rest_route=\/wp\/v2\/pages\/78\/revisions\/81"}],"wp:attachment":[{"href":"http:\/\/abmostoles.com\/wordpress\/index.php?rest_route=%2Fwp%2Fv2%2Fmedia&parent=78"}],"curies":[{"name":"wp","href":"https:\/\/api.w.org\/{rel}","templated":true}]}}