{"id":42,"date":"2011-12-28T10:54:31","date_gmt":"2011-12-28T10:54:31","guid":{"rendered":"http:\/\/abmostoles.com\/wordpress\/index.php\/?page_id=42"},"modified":"2011-12-28T11:33:57","modified_gmt":"2011-12-28T11:33:57","slug":"acerca-de-esta-sitio","status":"publish","type":"page","link":"http:\/\/abmostoles.com\/wordpress\/?page_id=42","title":{"rendered":"Acerca de esta sitio"},"content":{"rendered":"<p>Antes de presentaros a los responsables de todo esto que ve\u00eds          dentro de <a href=\"http:\/\/www.abmostoles.com\/\">www.abmostoles.com<\/a> comentar          a modo de manifiesto varias cosas:<\/p>\n<ul>\n<li>Este sitio, al igual que la asociaci\u00f3n ABM, est\u00e1 pensado fundamentalmente para <strong>difundir el Baloncesto en M\u00f3stoles<\/strong> y con ese objetivo ha sido dise\u00f1ado. Pero adem\u00e1s quiere ser una ventaja m\u00e1s para los socios de ABM, por lo que alguna de sus secciones se publican \u00fanicamente para ellos y son o pueden  pasar a ser inaccesibles para todo aquel que no sea socio cuando la ABM as\u00ed lo decida.<\/li>\n<li>Absolutamente todos los participantes en el dise\u00f1o, desarrollo y manteniemiento de este sitio lo hacen de manera <strong>desinteresada<\/strong>, sacando tiempo de donde pueden para que todos los visitantes pueden disfrutar de toda la informaci\u00f3n que contiene.<\/li>\n<li><strong>Cualquier error<\/strong> que se detecte en la informaci\u00f3n que aparece, o sugerencia acerca de lo que se muestra o no, en este sitio puede ser comunicado enviando un correo electr\u00f3nico a <a href=\"http:\/\/www.abmostoles.com\/info@abmostoles.com\">info@abmostoles.com<\/a> o utilizando el Buzon de Sugerencias existente para tal efecto.<\/li>\n<li><strong>Toda persona<\/strong> cuyos datos aparezcan en cualquiera de las secciones de este sitio<strong> tiene derecho<\/strong>, amparada por la Ley de Protecci\u00f3n de Datos, a solicitar que sus datos sean <strong>retirados<\/strong> de la secci\u00f3n correspondiente. Para ello puede enviar un correo a <a href=\"http:\/\/www.abmostoles.com\/info@abmostoles.com\">info@abmostoles.com<\/a> y su petici\u00f3n ser\u00e1 atendida lo m\u00e1s rapidamente posible.<\/li>\n<li>ABM como asociaci\u00f3n y el equipo de responsables del sitio, <strong>no tienen obligaci\u00f3n<\/strong> de mantener actualizada toda la informaci\u00f3n que aparece en \u00e9l. En nuestro \u00e1nimo est\u00e1 el hacerlo lo mejor posible, pero como pode\u00eds imaginar &#8220;No todo es posible&#8221;.<\/li>\n<li>ABM como asociaci\u00f3n, <strong>no se hace responsable <\/strong>de la veracidad            de todo lo que pueda aparecer en sus p\u00e1ginas, ni de las opiniones publicadas en el foro.<\/li>\n<\/ul>\n","protected":false},"excerpt":{"rendered":"<p>Antes de presentaros a los responsables de todo esto que ve\u00eds dentro de www.abmostoles.com comentar a modo de manifiesto varias cosas: Este sitio, al igual que la asociaci\u00f3n ABM, est\u00e1 pensado fundamentalmente para difundir el Baloncesto en M\u00f3stoles y con ese objetivo ha sido dise\u00f1ado. Pero adem\u00e1s quiere ser una ventaja m\u00e1s para los socios <a href='http:\/\/abmostoles.com\/wordpress\/?page_id=42'>[&#8230;]<\/a><\/p>\n","protected":false},"author":2,"featured_media":0,"parent":0,"menu_order":0,"comment_status":"closed","ping_status":"closed","template":"","meta":[],"_links":{"self":[{"href":"http:\/\/abmostoles.com\/wordpress\/index.php?rest_route=\/wp\/v2\/pages\/42"}],"collection":[{"href":"http:\/\/abmostoles.com\/wordpress\/index.php?rest_route=\/wp\/v2\/pages"}],"about":[{"href":"http:\/\/abmostoles.com\/wordpress\/index.php?rest_route=\/wp\/v2\/types\/page"}],"author":[{"embeddable":true,"href":"http:\/\/abmostoles.com\/wordpress\/index.php?rest_route=\/wp\/v2\/users\/2"}],"replies":[{"embeddable":true,"href":"http:\/\/abmostoles.com\/wordpress\/index.php?rest_route=%2Fwp%2Fv2%2Fcomments&post=42"}],"version-history":[{"count":4,"href":"http:\/\/abmostoles.com\/wordpress\/index.php?rest_route=\/wp\/v2\/pages\/42\/revisions"}],"predecessor-version":[{"id":45,"href":"http:\/\/abmostoles.com\/wordpress\/index.php?rest_route=\/wp\/v2\/pages\/42\/revisions\/45"}],"wp:attachment":[{"href":"http:\/\/abmostoles.com\/wordpress\/index.php?rest_route=%2Fwp%2Fv2%2Fmedia&parent=42"}],"curies":[{"name":"wp","href":"https:\/\/api.w.org\/{rel}","templated":true}]}}